{"id":4351,"date":"2025-03-02T12:16:21","date_gmt":"2025-03-02T12:16:21","guid":{"rendered":"https:\/\/psychologistvietnam.com\/?page_id=4351"},"modified":"2026-03-20T16:36:41","modified_gmt":"2026-03-20T09:36:41","slug":"dich-vu","status":"publish","type":"page","link":"https:\/\/psychologistvietnam.com\/vi\/dich-vu\/","title":{"rendered":"D\u1ecbch V\u1ee5"},"content":{"rendered":"<div data-elementor-type=\"wp-page\" data-elementor-id=\"4351\" class=\"elementor elementor-4351\" data-elementor-post-type=\"page\">\n\t\t\t\t<div class=\"elementor-element elementor-element-36c439e e-con-full e-flex e-con e-parent\" data-id=\"36c439e\" data-element_type=\"container\">\n\t\t\t\t<div class=\"elementor-element elementor-element-014599a elementor-widget elementor-widget-heading\" data-id=\"014599a\" data-element_type=\"widget\" data-widget_type=\"heading.default\">\n\t\t\t\t<div class=\"elementor-widget-container\">\n\t\t\t\t\t<h2 class=\"elementor-heading-title elementor-size-default\">We provide the following psychological services\n<\/h2>\t\t\t\t<\/div>\n\t\t\t\t<\/div>\n\t\t\t\t<\/div>\n\t\t<div class=\"elementor-element elementor-element-9e91b78 e-flex e-con-boxed e-con e-parent\" data-id=\"9e91b78\" data-element_type=\"container\">\n\t\t\t\t\t<div class=\"e-con-inner\">\n\t\t<div class=\"elementor-element elementor-element-8a83c68 e-con-full e-flex e-con e-child\" data-id=\"8a83c68\" data-element_type=\"container\">\n\t\t\t\t<div class=\"elementor-element elementor-element-90b0bde elementor-widget elementor-widget-image\" data-id=\"90b0bde\" data-element_type=\"widget\" data-widget_type=\"image.default\">\n\t\t\t\t<div class=\"elementor-widget-container\">\n\t\t\t\t\t\t\t\t\t\t\t\t\t\t\t\t<a href=\"\/vi\/adults-and-couples-psychological-services\/\">\n\t\t\t\t\t\t\t<img fetchpriority=\"high\" decoding=\"async\" width=\"800\" height=\"600\" src=\"https:\/\/psychologistvietnam.com\/wp-content\/uploads\/2025\/03\/Image-4.jpg\" class=\"attachment-large size-large wp-image-4357\" alt=\"\" srcset=\"https:\/\/psychologistvietnam.com\/wp-content\/uploads\/2025\/03\/Image-4.jpg 800w, https:\/\/psychologistvietnam.com\/wp-content\/uploads\/2025\/03\/Image-4-600x450.jpg 600w, https:\/\/psychologistvietnam.com\/wp-content\/uploads\/2025\/03\/Image-4-300x225.jpg 300w, https:\/\/psychologistvietnam.com\/wp-content\/uploads\/2025\/03\/Image-4-768x576.jpg 768w\" sizes=\"(max-width: 800px) 100vw, 800px\" \/>\t\t\t\t\t\t\t\t<\/a>\n\t\t\t\t\t\t\t\t\t\t\t\t\t\t\t<\/div>\n\t\t\t\t<\/div>\n\t\t\t\t<div class=\"elementor-element elementor-element-9259832 elementor-widget elementor-widget-heading\" data-id=\"9259832\" data-element_type=\"widget\" data-widget_type=\"heading.default\">\n\t\t\t\t<div class=\"elementor-widget-container\">\n\t\t\t\t\t<h2 class=\"elementor-heading-title elementor-size-default\"><a href=\"\/vi\/adult-and-couples-psychological-services\/\">Adults &amp; Couples<\/a><\/h2>\t\t\t\t<\/div>\n\t\t\t\t<\/div>\n\t\t\t\t<\/div>\n\t\t<div class=\"elementor-element elementor-element-adf20b7 e-con-full e-flex e-con e-child\" data-id=\"adf20b7\" data-element_type=\"container\">\n\t\t\t\t<div class=\"elementor-element elementor-element-403f8cf elementor-widget elementor-widget-image\" data-id=\"403f8cf\" data-element_type=\"widget\" data-widget_type=\"image.default\">\n\t\t\t\t<div class=\"elementor-widget-container\">\n\t\t\t\t\t\t\t\t\t\t\t\t\t\t\t\t<a href=\"\/vi\/children-psychology-service\/\">\n\t\t\t\t\t\t\t<img decoding=\"async\" width=\"800\" height=\"600\" src=\"https:\/\/psychologistvietnam.com\/wp-content\/uploads\/2025\/03\/Image-3-1-1024x768.jpg\" class=\"attachment-large size-large wp-image-4358\" alt=\"\" srcset=\"https:\/\/psychologistvietnam.com\/wp-content\/uploads\/2025\/03\/Image-3-1-1024x768.jpg 1024w, https:\/\/psychologistvietnam.com\/wp-content\/uploads\/2025\/03\/Image-3-1-600x450.jpg 600w, https:\/\/psychologistvietnam.com\/wp-content\/uploads\/2025\/03\/Image-3-1-300x225.jpg 300w, https:\/\/psychologistvietnam.com\/wp-content\/uploads\/2025\/03\/Image-3-1-768x576.jpg 768w, https:\/\/psychologistvietnam.com\/wp-content\/uploads\/2025\/03\/Image-3-1.jpg 1115w\" sizes=\"(max-width: 800px) 100vw, 800px\" \/>\t\t\t\t\t\t\t\t<\/a>\n\t\t\t\t\t\t\t\t\t\t\t\t\t\t\t<\/div>\n\t\t\t\t<\/div>\n\t\t\t\t<div class=\"elementor-element elementor-element-38b8fa3 elementor-widget elementor-widget-heading\" data-id=\"38b8fa3\" data-element_type=\"widget\" data-widget_type=\"heading.default\">\n\t\t\t\t<div class=\"elementor-widget-container\">\n\t\t\t\t\t<h2 class=\"elementor-heading-title elementor-size-default\"><a href=\"\/vi\/children-psychology-service\/\">Tr\u1ebb em<\/a><\/h2>\t\t\t\t<\/div>\n\t\t\t\t<\/div>\n\t\t\t\t<\/div>\n\t\t<div class=\"elementor-element elementor-element-1a2c927 e-con-full e-flex e-con e-child\" data-id=\"1a2c927\" data-element_type=\"container\">\n\t\t\t\t<div class=\"elementor-element elementor-element-d22ab04 elementor-widget elementor-widget-image\" data-id=\"d22ab04\" data-element_type=\"widget\" data-widget_type=\"image.default\">\n\t\t\t\t<div class=\"elementor-widget-container\">\n\t\t\t\t\t\t\t\t\t\t\t\t\t\t\t\t<a href=\"\/vi\/companies-business-services\/\">\n\t\t\t\t\t\t\t<img decoding=\"async\" width=\"800\" height=\"600\" src=\"https:\/\/psychologistvietnam.com\/wp-content\/uploads\/2025\/03\/Image-2-2-1024x768.jpg\" class=\"attachment-large size-large wp-image-4359\" alt=\"\" srcset=\"https:\/\/psychologistvietnam.com\/wp-content\/uploads\/2025\/03\/Image-2-2-1024x768.jpg 1024w, https:\/\/psychologistvietnam.com\/wp-content\/uploads\/2025\/03\/Image-2-2-600x450.jpg 600w, https:\/\/psychologistvietnam.com\/wp-content\/uploads\/2025\/03\/Image-2-2-300x225.jpg 300w, https:\/\/psychologistvietnam.com\/wp-content\/uploads\/2025\/03\/Image-2-2-768x576.jpg 768w, https:\/\/psychologistvietnam.com\/wp-content\/uploads\/2025\/03\/Image-2-2.jpg 1139w\" sizes=\"(max-width: 800px) 100vw, 800px\" \/>\t\t\t\t\t\t\t\t<\/a>\n\t\t\t\t\t\t\t\t\t\t\t\t\t\t\t<\/div>\n\t\t\t\t<\/div>\n\t\t\t\t<div class=\"elementor-element elementor-element-2ca78fd elementor-widget elementor-widget-heading\" data-id=\"2ca78fd\" data-element_type=\"widget\" data-widget_type=\"heading.default\">\n\t\t\t\t<div class=\"elementor-widget-container\">\n\t\t\t\t\t<h2 class=\"elementor-heading-title elementor-size-default\"><a href=\"\/vi\/companies-business-services\/\">\u0110\u00e1nh gi\u00e1 nh\u00e2n vi\u00ean<\/a><\/h2>\t\t\t\t<\/div>\n\t\t\t\t<\/div>\n\t\t\t\t<\/div>\n\t\t\t\t\t<\/div>\n\t\t\t\t<\/div>\n\t\t\t\t<\/div>","protected":false},"excerpt":{"rendered":"<p>We provide the following psychological services Adults &amp; Couples Children Employee Assessment<\/p>","protected":false},"author":10,"featured_media":0,"parent":0,"menu_order":0,"comment_status":"closed","ping_status":"closed","template":"","meta":{"_siteseo_robots_primary_cat":"","footnotes":""},"class_list":["post-4351","page","type-page","status-publish","hentry"],"_links":{"self":[{"href":"https:\/\/psychologistvietnam.com\/vi\/wp-json\/wp\/v2\/pages\/4351","targetHints":{"allow":["GET"]}}],"collection":[{"href":"https:\/\/psychologistvietnam.com\/vi\/wp-json\/wp\/v2\/pages"}],"about":[{"href":"https:\/\/psychologistvietnam.com\/vi\/wp-json\/wp\/v2\/types\/page"}],"author":[{"embeddable":true,"href":"https:\/\/psychologistvietnam.com\/vi\/wp-json\/wp\/v2\/users\/10"}],"replies":[{"embeddable":true,"href":"https:\/\/psychologistvietnam.com\/vi\/wp-json\/wp\/v2\/comments?post=4351"}],"version-history":[{"count":3,"href":"https:\/\/psychologistvietnam.com\/vi\/wp-json\/wp\/v2\/pages\/4351\/revisions"}],"predecessor-version":[{"id":24399,"href":"https:\/\/psychologistvietnam.com\/vi\/wp-json\/wp\/v2\/pages\/4351\/revisions\/24399"}],"wp:attachment":[{"href":"https:\/\/psychologistvietnam.com\/vi\/wp-json\/wp\/v2\/media?parent=4351"}],"curies":[{"name":"wp","href":"https:\/\/api.w.org\/{rel}","templated":true}]}}