{"id":19021,"date":"2025-07-31T18:42:06","date_gmt":"2025-07-31T18:42:06","guid":{"rendered":"https:\/\/psychologistvietnam.com\/?page_id=19021"},"modified":"2025-12-22T04:29:38","modified_gmt":"2025-12-22T04:29:38","slug":"suicide-prevention","status":"publish","type":"page","link":"https:\/\/psychologistvietnam.com\/vi\/suicide-prevention\/","title":{"rendered":"Ph\u00f2ng ch\u1ed1ng t\u1ef1 t\u1eed"},"content":{"rendered":"<div data-elementor-type=\"wp-page\" data-elementor-id=\"19021\" class=\"elementor elementor-19021\" data-elementor-post-type=\"page\">\n\t\t\t\t<div class=\"elementor-element elementor-element-8e25dbb e-con-full e-flex e-con e-parent\" data-id=\"8e25dbb\" data-element_type=\"container\" data-settings=\"{&quot;background_background&quot;:&quot;classic&quot;}\">\n\t\t\t\t<div class=\"elementor-element elementor-element-a4651b0 elementor-widget elementor-widget-heading\" data-id=\"a4651b0\" data-element_type=\"widget\" data-widget_type=\"heading.default\">\n\t\t\t\t<div class=\"elementor-widget-container\">\n\t\t\t\t\t<h2 class=\"elementor-heading-title elementor-size-default\">Ph\u00f2ng ch\u1ed1ng t\u1ef1 t\u1eed<\/h2>\t\t\t\t<\/div>\n\t\t\t\t<\/div>\n\t\t\t\t<\/div>\n\t\t<div class=\"elementor-element elementor-element-01229b5 e-flex e-con-boxed e-con e-parent\" data-id=\"01229b5\" data-element_type=\"container\">\n\t\t\t\t\t<div class=\"e-con-inner\">\n\t\t\t\t<div class=\"elementor-element elementor-element-a66814e elementor-widget-divider--view-line elementor-widget elementor-widget-divider\" data-id=\"a66814e\" data-element_type=\"widget\" data-widget_type=\"divider.default\">\n\t\t\t\t<div class=\"elementor-widget-container\">\n\t\t\t\t\t\t\t<div class=\"elementor-divider\">\n\t\t\t<span class=\"elementor-divider-separator\">\n\t\t\t\t\t\t<\/span>\n\t\t<\/div>\n\t\t\t\t\t\t<\/div>\n\t\t\t\t<\/div>\n\t\t\t\t\t<\/div>\n\t\t\t\t<\/div>\n\t\t<div class=\"elementor-element elementor-element-8cb0a9a e-flex e-con-boxed e-con e-parent\" data-id=\"8cb0a9a\" data-element_type=\"container\">\n\t\t\t\t\t<div class=\"e-con-inner\">\n\t\t<div class=\"elementor-element elementor-element-0d83e74 e-con-full e-flex e-con e-child\" data-id=\"0d83e74\" data-element_type=\"container\">\n\t\t\t\t<div class=\"elementor-element elementor-element-10855b0 elementor-widget elementor-widget-text-editor\" data-id=\"10855b0\" data-element_type=\"widget\" data-widget_type=\"text-editor.default\">\n\t\t\t\t<div class=\"elementor-widget-container\">\n\t\t\t\t\t\t\t\t\t<p data-start=\"52\" data-end=\"424\">T\u1ea1i Psychologist Vietnam, s\u1ef1 ch\u0103m s\u00f3c c\u1ee7a ch\u00fang t\u00f4i kh\u00f4ng ch\u1ec9 d\u1eebng l\u1ea1i \u1edf vi\u1ec7c h\u1ed7 tr\u1ee3 nh\u1eefng ng\u01b0\u1eddi \u0111ang \u0111\u1ed1i m\u1eb7t v\u1edbi kh\u00f3 kh\u0103n trong cu\u1ed9c s\u1ed1ng hay c\u00e1c r\u1ed1i lo\u1ea1n t\u00e2m l\u00fd. Ch\u00fang t\u00f4i c\u00f2n \u0111\u1eb7c bi\u1ec7t cam k\u1ebft cung c\u1ea5p h\u1ed7 tr\u1ee3 kh\u1ea9n c\u1ea5p ngay l\u1eadp t\u1ee9c.\u00a0<a href=\"https:\/\/hyvongsong.com\" target=\"_blank\" rel=\"noopener\"><u>HOPE<\/u>\u00a0<\/a>l\u00e0 ng\u1ecdn h\u1ea3i \u0111\u0103ng c\u1ee7a s\u1ef1 c\u1ea3m th\u00f4ng, mang \u0111\u1ebfn ngu\u1ed3n l\u1ef1c thi\u1ebft y\u1ebfu v\u00e0 m\u1ed9t kh\u00f4ng gian an to\u00e0n, kh\u00f4ng ph\u00e1n x\u00e9t cho nh\u1eefng ai \u0111ang v\u1eadt l\u1ed9n v\u1edbi \u00fd ngh\u0129 t\u1ef1 t\u1eed ho\u1eb7c ch\u1ecbu \u1ea3nh h\u01b0\u1edfng t\u1eeb ch\u00fang.<\/p><p data-start=\"426\" data-end=\"659\">V\u00ec v\u1eady, ch\u00fang t\u00f4i c\u0169ng v\u1eadn h\u00e0nh m\u1ed9t \u0111\u01b0\u1eddng d\u00e2y n\u00f3ng ph\u00f2ng ch\u1ed1ng t\u1ef1 t\u1eed, \u0111\u01b0\u1ee3c tr\u1ef1c ti\u1ebfp h\u1ed7 tr\u1ee3 b\u1edfi c\u00e1c nh\u00e0 tr\u1ecb li\u1ec7u \u0111\u01b0\u1ee3c c\u1ea5p ph\u00e9p t\u1eeb Psychologist Vietnam c\u00f9ng \u0111\u1ed9i ng\u0169 t\u00ecnh nguy\u1ec7n vi\u00ean \u0111\u01b0\u1ee3c \u0111\u00e0o t\u1ea1o. D\u1ecbch v\u1ee5 n\u00e0y ho\u00e0n to\u00e0n mi\u1ec5n ph\u00ed, mang \u0111\u1ebfn s\u1ef1 tr\u1ee3 gi\u00fap quan tr\u1ecdng cho nh\u1eefng ai \u0111ang trong t\u00ecnh hu\u1ed1ng c\u1ea5p b\u00e1ch.<\/p><p data-start=\"661\" data-end=\"811\">Ch\u00fang t\u00f4i n\u1ed7 l\u1ef1c x\u00e2y d\u1ef1ng m\u1ed9t c\u1ed9ng \u0111\u1ed3ng d\u1ef1a tr\u00ean s\u1ef1 th\u1ea5u hi\u1ec3u v\u00e0 s\u1ebb chia, n\u01a1i con ng\u01b0\u1eddi \u0111\u01b0\u1ee3c \u0111\u1ed3ng h\u00e0nh trong nh\u1eefng kho\u1ea3nh kh\u1eafc t\u0103m t\u1ed1i nh\u1ea5t c\u1ee7a cu\u1ed9c \u0111\u1eddi v\u1edbi s\u1ef1 tr\u00e2n tr\u1ecdng v\u00e0 l\u00f2ng c\u1ea3m th\u00f4ng.<\/p>\t\t\t\t\t\t\t\t<\/div>\n\t\t\t\t<\/div>\n\t\t\t\t<\/div>\n\t\t<div class=\"elementor-element elementor-element-d87ee45 e-con-full e-flex e-con e-child\" data-id=\"d87ee45\" data-element_type=\"container\" data-settings=\"{&quot;background_background&quot;:&quot;classic&quot;}\">\n\t\t\t\t<div data-premium-element-link=\"{&quot;type&quot;:&quot;url&quot;,&quot;link&quot;:{&quot;url&quot;:&quot;https:\\\/\\\/hyvongsong.com&quot;,&quot;is_external&quot;:&quot;&quot;,&quot;nofollow&quot;:&quot;&quot;,&quot;custom_attributes&quot;:&quot;&quot;},&quot;href&quot;:&quot;https:\\\/\\\/hyvongsong.com&quot;}\" style=\"cursor: pointer\" class=\"elementor-element elementor-element-d60c4a1 elementor-widget__width-auto premium-wrapper-link-yes elementor-widget elementor-widget-image\" data-id=\"d60c4a1\" data-element_type=\"widget\" data-widget_type=\"image.default\">\n\t\t\t\t<div class=\"elementor-widget-container\">\n\t\t\t\t\t\t\t\t\t\t\t\t\t\t\t\t<a href=\"https:\/\/hyvongsong.com\" target=\"_blank\">\n\t\t\t\t\t\t\t<img fetchpriority=\"high\" decoding=\"async\" width=\"524\" height=\"243\" src=\"https:\/\/psychologistvietnam.com\/wp-content\/uploads\/2025\/08\/cropped-hope.png\" class=\"elementor-animation-grow attachment-full size-full wp-image-19160\" alt=\"\" srcset=\"https:\/\/psychologistvietnam.com\/wp-content\/uploads\/2025\/08\/cropped-hope.png 524w, https:\/\/psychologistvietnam.com\/wp-content\/uploads\/2025\/08\/cropped-hope-300x139.png 300w, https:\/\/psychologistvietnam.com\/wp-content\/uploads\/2025\/08\/cropped-hope-18x8.png 18w\" sizes=\"(max-width: 524px) 100vw, 524px\" \/>\t\t\t\t\t\t\t\t<\/a>\n\t\t\t\t\t\t\t\t\t\t\t\t\t\t\t<\/div>\n\t\t\t\t<\/div>\n\t\t\t\t<div class=\"elementor-element elementor-element-f76d0a4 elementor-widget__width-inherit elementor-widget elementor-widget-text-editor\" data-id=\"f76d0a4\" data-element_type=\"widget\" data-widget_type=\"text-editor.default\">\n\t\t\t\t<div class=\"elementor-widget-container\">\n\t\t\t\t\t\t\t\t\t<p><span style=\"text-decoration: underline;\"><a href=\"https:\/\/hyvongsong.com\" target=\"_blank\" rel=\"noopener\">hyvongsong.com<\/a><\/span><\/p>\t\t\t\t\t\t\t\t<\/div>\n\t\t\t\t<\/div>\n\t\t\t\t<\/div>\n\t\t\t\t\t<\/div>\n\t\t\t\t<\/div>\n\t\t<div class=\"elementor-element elementor-element-2dff9c1 e-flex e-con-boxed e-con e-parent\" data-id=\"2dff9c1\" data-element_type=\"container\">\n\t\t\t\t\t<div class=\"e-con-inner\">\n\t\t<div class=\"elementor-element elementor-element-86ad0c9 e-grid e-con-full e-con e-child\" data-id=\"86ad0c9\" data-element_type=\"container\">\n\t\t<div class=\"elementor-element elementor-element-133f03a e-con-full e-flex e-con e-child\" data-id=\"133f03a\" data-element_type=\"container\">\n\t\t\t\t<div class=\"elementor-element elementor-element-d70a99e elementor-widget__width-auto elementor-widget elementor-widget-text-editor\" data-id=\"d70a99e\" data-element_type=\"widget\" data-widget_type=\"text-editor.default\">\n\t\t\t\t<div class=\"elementor-widget-container\">\n\t\t\t\t\t\t\t\t\t<p><span class=\"with-icon\"> <span class=\"icon\">\u260e<\/span>086 50 444 00 <\/span><\/p>\t\t\t\t\t\t\t\t<\/div>\n\t\t\t\t<\/div>\n\t\t\t\t<\/div>\n\t\t<div class=\"elementor-element elementor-element-86fdacf e-con-full e-flex e-con e-child\" data-id=\"86fdacf\" data-element_type=\"container\">\n\t\t\t\t<div class=\"elementor-element elementor-element-3404228 elementor-widget__width-auto elementor-widget elementor-widget-text-editor\" data-id=\"3404228\" data-element_type=\"widget\" data-widget_type=\"text-editor.default\">\n\t\t\t\t<div class=\"elementor-widget-container\">\n\t\t\t\t\t\t\t\t\t<p><span class=\"with-icon\"><br \/><span class=\"icon\">\u23f0<\/span>16:30 \u2013 20:30<br \/><\/span><\/p>\t\t\t\t\t\t\t\t<\/div>\n\t\t\t\t<\/div>\n\t\t\t\t<\/div>\n\t\t\t\t<\/div>\n\t\t\t\t\t<\/div>\n\t\t\t\t<\/div>\n\t\t\t\t<\/div>","protected":false},"excerpt":{"rendered":"<p>Suicide Prevention At Psychologist Vietnam, our care goes beyond helping those facing life\u2019s challenges or mental health disorders. We are deeply committed to providing immediate emergency support.\u00a0HOPE\u00a0stands as a beacon of compassionate assistance, offering essential resources and a safe, non-judgmental space for individuals struggling with suicidal thoughts or those affected by them. Therefore, we also [&hellip;]<\/p>","protected":false},"author":10,"featured_media":0,"parent":0,"menu_order":0,"comment_status":"closed","ping_status":"closed","template":"","meta":{"_siteseo_robots_primary_cat":"","footnotes":""},"class_list":["post-19021","page","type-page","status-publish","hentry"],"_links":{"self":[{"href":"https:\/\/psychologistvietnam.com\/vi\/wp-json\/wp\/v2\/pages\/19021","targetHints":{"allow":["GET"]}}],"collection":[{"href":"https:\/\/psychologistvietnam.com\/vi\/wp-json\/wp\/v2\/pages"}],"about":[{"href":"https:\/\/psychologistvietnam.com\/vi\/wp-json\/wp\/v2\/types\/page"}],"author":[{"embeddable":true,"href":"https:\/\/psychologistvietnam.com\/vi\/wp-json\/wp\/v2\/users\/10"}],"replies":[{"embeddable":true,"href":"https:\/\/psychologistvietnam.com\/vi\/wp-json\/wp\/v2\/comments?post=19021"}],"version-history":[{"count":6,"href":"https:\/\/psychologistvietnam.com\/vi\/wp-json\/wp\/v2\/pages\/19021\/revisions"}],"predecessor-version":[{"id":22007,"href":"https:\/\/psychologistvietnam.com\/vi\/wp-json\/wp\/v2\/pages\/19021\/revisions\/22007"}],"wp:attachment":[{"href":"https:\/\/psychologistvietnam.com\/vi\/wp-json\/wp\/v2\/media?parent=19021"}],"curies":[{"name":"wp","href":"https:\/\/api.w.org\/{rel}","templated":true}]}}