{"id":18299,"date":"2025-05-15T09:26:12","date_gmt":"2025-05-15T09:26:12","guid":{"rendered":"https:\/\/psychologistvietnam.com\/?page_id=18299"},"modified":"2026-03-16T09:06:13","modified_gmt":"2026-03-16T02:06:13","slug":"mental-health-screener","status":"publish","type":"page","link":"https:\/\/psychologistvietnam.com\/vi\/mental-health-screener\/","title":{"rendered":"\u0110\u00e1nh gi\u00e1 t\u00e2m l\u00fd"},"content":{"rendered":"<div data-elementor-type=\"wp-page\" data-elementor-id=\"18299\" class=\"elementor elementor-18299\" data-elementor-post-type=\"page\">\n\t\t\t\t<div class=\"elementor-element elementor-element-56233f1c e-con-full e-flex e-con e-parent\" data-id=\"56233f1c\" data-element_type=\"container\" data-settings=\"{&quot;background_background&quot;:&quot;classic&quot;}\">\n\t\t\t\t<div class=\"elementor-element elementor-element-566c93c5 elementor-widget elementor-widget-heading\" data-id=\"566c93c5\" data-element_type=\"widget\" data-widget_type=\"heading.default\">\n\t\t\t\t<div class=\"elementor-widget-container\">\n\t\t\t\t\t<h2 class=\"elementor-heading-title elementor-size-default\">\u0110\u00e1nh gi\u00e1 t\u00e2m l\u00fd<\/h2>\t\t\t\t<\/div>\n\t\t\t\t<\/div>\n\t\t\t\t<\/div>\n\t\t<div class=\"elementor-element elementor-element-6208bfd4 e-flex e-con-boxed e-con e-parent\" data-id=\"6208bfd4\" data-element_type=\"container\">\n\t\t\t\t\t<div class=\"e-con-inner\">\n\t\t<div class=\"elementor-element elementor-element-64a175b0 e-con-full promo-card e-flex e-con e-child\" data-id=\"64a175b0\" data-element_type=\"container\" data-settings=\"{&quot;background_background&quot;:&quot;classic&quot;}\">\n\t\t<div class=\"elementor-element elementor-element-b011550 e-con-full e-flex e-con e-child\" data-id=\"b011550\" data-element_type=\"container\" data-settings=\"{&quot;background_background&quot;:&quot;classic&quot;}\">\n\t\t\t\t<div class=\"elementor-element elementor-element-3b7792d elementor-widget elementor-widget-heading\" data-id=\"3b7792d\" data-element_type=\"widget\" data-widget_type=\"heading.default\">\n\t\t\t\t<div class=\"elementor-widget-container\">\n\t\t\t\t\t<h2 class=\"elementor-heading-title elementor-size-default\">B\u1ea1n \u0111ang b\u0103n kho\u0103n v\u1ec1 s\u1ee9c kh\u1ecfe tinh th\u1ea7n c\u1ee7a b\u1ea3n th\u00e2n ho\u1eb7c c\u1ee7a con em m\u00ecnh, d\u00f9 l\u00e0 tr\u1ebb nh\u1ecf hay thanh thi\u1ebfu ni\u00ean? <\/h2>\t\t\t\t<\/div>\n\t\t\t\t<\/div>\n\t\t\t\t<\/div>\n\t\t<div class=\"elementor-element elementor-element-eef9b8a e-con-full e-flex e-con e-child\" data-id=\"eef9b8a\" data-element_type=\"container\">\n\t\t\t\t<div class=\"elementor-element elementor-element-7c487aa3 elementor-widget elementor-widget-text-editor\" data-id=\"7c487aa3\" data-element_type=\"widget\" data-widget_type=\"text-editor.default\">\n\t\t\t\t<div class=\"elementor-widget-container\">\n\t\t\t\t\t\t\t\t\t<p>Our professional mental health screener provides a structured and confidential assessment of emotional and behavioral functioning<br \/>It is designed to help individuals gain greater insight into their mental health<\/p>\t\t\t\t\t\t\t\t<\/div>\n\t\t\t\t<\/div>\n\t\t\t\t<\/div>\n\t\t<div class=\"elementor-element elementor-element-fc2d4a9 e-con-full e-flex e-con e-child\" data-id=\"fc2d4a9\" data-element_type=\"container\">\n\t\t<div class=\"elementor-element elementor-element-626e3ac e-con-full e-flex e-con e-child\" data-id=\"626e3ac\" data-element_type=\"container\">\n\t\t\t\t<div class=\"elementor-element elementor-element-cc29d36 elementor-widget elementor-widget-text-editor\" data-id=\"cc29d36\" data-element_type=\"widget\" data-widget_type=\"text-editor.default\">\n\t\t\t\t<div class=\"elementor-widget-container\">\n\t\t\t\t\t\t\t\t\t<p>\ud83d\udd52 10 Min<\/p>\t\t\t\t\t\t\t\t<\/div>\n\t\t\t\t<\/div>\n\t\t\t\t<\/div>\n\t\t<div class=\"elementor-element elementor-element-e0afcf5 e-con-full e-flex e-con e-child\" data-id=\"e0afcf5\" data-element_type=\"container\">\n\t\t\t\t<div class=\"elementor-element elementor-element-432875a elementor-widget elementor-widget-text-editor\" data-id=\"432875a\" data-element_type=\"widget\" data-widget_type=\"text-editor.default\">\n\t\t\t\t<div class=\"elementor-widget-container\">\n\t\t\t\t\t\t\t\t\t<p>\ud83d\udee1\ufe0f 100% B\u1ea3o m\u1eadt<\/p>\t\t\t\t\t\t\t\t<\/div>\n\t\t\t\t<\/div>\n\t\t\t\t<\/div>\n\t\t<div class=\"elementor-element elementor-element-940fa2a e-con-full e-flex e-con e-child\" data-id=\"940fa2a\" data-element_type=\"container\">\n\t\t\t\t<div class=\"elementor-element elementor-element-a274c74 elementor-widget elementor-widget-text-editor\" data-id=\"a274c74\" data-element_type=\"widget\" data-widget_type=\"text-editor.default\">\n\t\t\t\t<div class=\"elementor-widget-container\">\n\t\t\t\t\t\t\t\t\t<p>\u26a1 K\u1ebft qu\u1ea3 tr\u1ef1c ti\u1ebfp<\/p>\t\t\t\t\t\t\t\t<\/div>\n\t\t\t\t<\/div>\n\t\t\t\t<\/div>\n\t\t<div class=\"elementor-element elementor-element-0f0170a e-con-full e-flex e-con e-child\" data-id=\"0f0170a\" data-element_type=\"container\">\n\t\t\t\t<div class=\"elementor-element elementor-element-b85d05c elementor-widget elementor-widget-text-editor\" data-id=\"b85d05c\" data-element_type=\"widget\" data-widget_type=\"text-editor.default\">\n\t\t\t\t<div class=\"elementor-widget-container\">\n\t\t\t\t\t\t\t\t\t<p>\u2705B\u00e0i test ch\u00ednh th\u1ee9c<\/p>\t\t\t\t\t\t\t\t<\/div>\n\t\t\t\t<\/div>\n\t\t\t\t<\/div>\n\t\t\t\t<\/div>\n\t\t\t\t<div class=\"elementor-element elementor-element-6d6e06d elementor-align-center elementor-widget elementor-widget-button\" data-id=\"6d6e06d\" data-element_type=\"widget\" data-widget_type=\"button.default\">\n\t\t\t\t<div class=\"elementor-widget-container\">\n\t\t\t\t\t\t\t\t\t<div class=\"elementor-button-wrapper\">\n\t\t\t\t\t<a class=\"elementor-button elementor-button-link elementor-size-sm elementor-animation-grow\" href=\"\/vi\/choose-the-test\/\">\n\t\t\t\t\t\t<span class=\"elementor-button-content-wrapper\">\n\t\t\t\t\t\t\t\t\t<span class=\"elementor-button-text\">Start the Test<\/span>\n\t\t\t\t\t<\/span>\n\t\t\t\t\t<\/a>\n\t\t\t\t<\/div>\n\t\t\t\t\t\t\t\t<\/div>\n\t\t\t\t<\/div>\n\t\t\t\t<\/div>\n\t\t\t\t\t<\/div>\n\t\t\t\t<\/div>\n\t\t<div class=\"elementor-element elementor-element-1294556 e-flex e-con-boxed e-con e-parent\" data-id=\"1294556\" data-element_type=\"container\">\n\t\t\t\t\t<div class=\"e-con-inner\">\n\t\t<div class=\"elementor-element elementor-element-1b05094 e-con-full e-flex e-con e-child\" data-id=\"1b05094\" data-element_type=\"container\" data-settings=\"{&quot;background_background&quot;:&quot;classic&quot;}\">\n\t\t<div class=\"elementor-element elementor-element-cc866b8 e-con-full e-flex e-con e-child\" data-id=\"cc866b8\" data-element_type=\"container\" data-settings=\"{&quot;background_background&quot;:&quot;classic&quot;}\">\n\t\t\t\t<div class=\"elementor-element elementor-element-9c30b4f elementor-widget elementor-widget-image\" data-id=\"9c30b4f\" data-element_type=\"widget\" data-widget_type=\"image.default\">\n\t\t\t\t<div class=\"elementor-widget-container\">\n\t\t\t\t\t\t\t\t\t\t\t\t\t\t\t<img fetchpriority=\"high\" decoding=\"async\" width=\"800\" height=\"534\" src=\"https:\/\/psychologistvietnam.com\/wp-content\/uploads\/2026\/01\/hinh-anh_2026-01-20_155702218-1024x683.png\" class=\"attachment-large size-large wp-image-22190\" alt=\"\" srcset=\"https:\/\/psychologistvietnam.com\/wp-content\/uploads\/2026\/01\/hinh-anh_2026-01-20_155702218-1024x683.png 1024w, https:\/\/psychologistvietnam.com\/wp-content\/uploads\/2026\/01\/hinh-anh_2026-01-20_155702218-300x200.png 300w, https:\/\/psychologistvietnam.com\/wp-content\/uploads\/2026\/01\/hinh-anh_2026-01-20_155702218-768x512.png 768w, https:\/\/psychologistvietnam.com\/wp-content\/uploads\/2026\/01\/hinh-anh_2026-01-20_155702218-18x12.png 18w, https:\/\/psychologistvietnam.com\/wp-content\/uploads\/2026\/01\/hinh-anh_2026-01-20_155702218.png 1536w\" sizes=\"(max-width: 800px) 100vw, 800px\" \/>\t\t\t\t\t\t\t\t\t\t\t\t\t\t\t<\/div>\n\t\t\t\t<\/div>\n\t\t<div class=\"elementor-element elementor-element-89d6a55 e-con-full e-flex e-con e-child\" data-id=\"89d6a55\" data-element_type=\"container\" data-settings=\"{&quot;background_background&quot;:&quot;classic&quot;}\">\n\t\t\t\t<div class=\"elementor-element elementor-element-fafed5c elementor-widget elementor-widget-heading\" data-id=\"fafed5c\" data-element_type=\"widget\" data-widget_type=\"heading.default\">\n\t\t\t\t<div class=\"elementor-widget-container\">\n\t\t\t\t\t<h2 class=\"elementor-heading-title elementor-size-default\">B\u00e0i ki\u1ec3m tra n\u00e0y \u0111\u00e1nh gi\u00e1 nh\u1eefng g\u00ec?<\/h2>\t\t\t\t<\/div>\n\t\t\t\t<\/div>\n\t\t\t\t<\/div>\n\t\t<div class=\"elementor-element elementor-element-5c7e22d e-con-full e-flex e-con e-child\" data-id=\"5c7e22d\" data-element_type=\"container\">\n\t\t\t\t<div class=\"elementor-element elementor-element-5b9c695 elementor-widget__width-auto elementor-widget elementor-widget-text-editor\" data-id=\"5b9c695\" data-element_type=\"widget\" data-widget_type=\"text-editor.default\">\n\t\t\t\t<div class=\"elementor-widget-container\">\n\t\t\t\t\t\t\t\t\t<ul><li data-start=\"705\" data-end=\"719\"><p data-start=\"707\" data-end=\"719\">Tr\u1ea7m c\u1ea3m v\u00e0 lo \u00e2u<\/p><\/li><li data-start=\"720\" data-end=\"731\"><p data-start=\"722\" data-end=\"731\">Tri\u1ec7u ch\u1ee9ng c\u01a1 th\u1ec3<\/p><\/li><li data-start=\"732\" data-end=\"761\"><p data-start=\"734\" data-end=\"761\">R\u1ed1i lo\u1ea1n t\u0103ng \u0111\u1ed9ng gi\u1ea3m ch\u00fa \u00fd<\/p><\/li><li data-start=\"762\" data-end=\"785\"><p data-start=\"764\" data-end=\"785\">V\u1ea5n \u0111\u1ec1 nh\u00e2n c\u00e1ch n\u00e9 tr\u00e1nh<\/p><\/li><li data-start=\"901\" data-end=\"929\" data-is-last-node=\"\"><p data-start=\"903\" data-end=\"929\" data-is-last-node=\"\">V\u1ea5n \u0111\u1ec1 nh\u00e2n c\u00e1ch ch\u1ed1ng \u0111\u1ed1i x\u00e3 h\u1ed9i<\/p><\/li><\/ul>\t\t\t\t\t\t\t\t<\/div>\n\t\t\t\t<\/div>\n\t\t\t\t<\/div>\n\t\t\t\t<\/div>\n\t\t<div class=\"elementor-element elementor-element-7fee773 e-con-full e-flex e-con e-child\" data-id=\"7fee773\" data-element_type=\"container\" data-settings=\"{&quot;background_background&quot;:&quot;classic&quot;}\">\n\t\t\t\t<div class=\"elementor-element elementor-element-7587362 elementor-widget elementor-widget-image\" data-id=\"7587362\" data-element_type=\"widget\" data-widget_type=\"image.default\">\n\t\t\t\t<div class=\"elementor-widget-container\">\n\t\t\t\t\t\t\t\t\t\t\t\t\t\t\t<img decoding=\"async\" width=\"800\" height=\"534\" src=\"https:\/\/psychologistvietnam.com\/wp-content\/uploads\/2026\/01\/hinh-anh_2026-01-20_155900215-1024x683.png\" class=\"attachment-large size-large wp-image-22191\" alt=\"\" srcset=\"https:\/\/psychologistvietnam.com\/wp-content\/uploads\/2026\/01\/hinh-anh_2026-01-20_155900215-1024x683.png 1024w, https:\/\/psychologistvietnam.com\/wp-content\/uploads\/2026\/01\/hinh-anh_2026-01-20_155900215-300x200.png 300w, https:\/\/psychologistvietnam.com\/wp-content\/uploads\/2026\/01\/hinh-anh_2026-01-20_155900215-768x512.png 768w, https:\/\/psychologistvietnam.com\/wp-content\/uploads\/2026\/01\/hinh-anh_2026-01-20_155900215-18x12.png 18w, https:\/\/psychologistvietnam.com\/wp-content\/uploads\/2026\/01\/hinh-anh_2026-01-20_155900215.png 1536w\" sizes=\"(max-width: 800px) 100vw, 800px\" \/>\t\t\t\t\t\t\t\t\t\t\t\t\t\t\t<\/div>\n\t\t\t\t<\/div>\n\t\t<div class=\"elementor-element elementor-element-b7e2bdb e-con-full e-flex e-con e-child\" data-id=\"b7e2bdb\" data-element_type=\"container\" data-settings=\"{&quot;background_background&quot;:&quot;classic&quot;}\">\n\t\t\t\t<div class=\"elementor-element elementor-element-3faf886 elementor-widget elementor-widget-heading\" data-id=\"3faf886\" data-element_type=\"widget\" data-widget_type=\"heading.default\">\n\t\t\t\t<div class=\"elementor-widget-container\">\n\t\t\t\t\t<h2 class=\"elementor-heading-title elementor-size-default\">Chuy\u00ean nghi\u1ec7p v\u00e0 b\u1ea3o m\u1eadt<\/h2>\t\t\t\t<\/div>\n\t\t\t\t<\/div>\n\t\t\t\t<\/div>\n\t\t<div class=\"elementor-element elementor-element-36ca901 e-con-full e-flex e-con e-child\" data-id=\"36ca901\" data-element_type=\"container\">\n\t\t\t\t<div class=\"elementor-element elementor-element-1c8926a elementor-widget__width-auto elementor-widget elementor-widget-text-editor\" data-id=\"1c8926a\" data-element_type=\"widget\" data-widget_type=\"text-editor.default\">\n\t\t\t\t<div class=\"elementor-widget-container\">\n\t\t\t\t\t\t\t\t\t<ul><li>B\u1ea3o m\u1eadt tuy\u1ec7t \u0111\u1ed1i 100%<\/li><\/ul><ul><li>\u0110\u00e1nh gi\u00e1 t\u00e2m l\u00fd ch\u00ednh th\u1ee9c<\/li><\/ul><ul><li>Feedback Session (Optional)<\/li><\/ul><ul><li>K\u1ebft qu\u1ea3 tr\u1ef1c ti\u1ebfp<\/li><\/ul><ul><li>Cho m\u1ecdi l\u1ee9a tu\u1ed5i v\u00e0 m\u1ecdi ng\u01b0\u1eddi<\/li><\/ul>\t\t\t\t\t\t\t\t<\/div>\n\t\t\t\t<\/div>\n\t\t\t\t<\/div>\n\t\t\t\t<\/div>\n\t\t\t\t<\/div>\n\t\t\t\t\t<\/div>\n\t\t\t\t<\/div>\n\t\t<div class=\"elementor-element elementor-element-c518990 e-flex e-con-boxed e-con e-parent\" data-id=\"c518990\" data-element_type=\"container\">\n\t\t\t\t\t<div class=\"e-con-inner\">\n\t\t<div class=\"elementor-element elementor-element-afa53e8 e-con-full e-flex e-con e-child\" data-id=\"afa53e8\" data-element_type=\"container\" data-settings=\"{&quot;background_background&quot;:&quot;classic&quot;}\">\n\t\t<div class=\"elementor-element elementor-element-8195861 e-con-full e-flex e-con e-child\" data-id=\"8195861\" data-element_type=\"container\" data-settings=\"{&quot;background_background&quot;:&quot;classic&quot;}\">\n\t\t\t\t<div class=\"elementor-element elementor-element-dd00994 elementor-widget elementor-widget-heading\" data-id=\"dd00994\" data-element_type=\"widget\" data-widget_type=\"heading.default\">\n\t\t\t\t<div class=\"elementor-widget-container\">\n\t\t\t\t\t<h2 class=\"elementor-heading-title elementor-size-default\">Quy tr\u00ecnh di\u1ec5n ra nh\u01b0 th\u1ebf n\u00e0o<\/h2>\t\t\t\t<\/div>\n\t\t\t\t<\/div>\n\t\t\t\t<\/div>\n\t\t<div class=\"elementor-element elementor-element-448f2d6 e-con-full e-flex e-con e-child\" data-id=\"448f2d6\" data-element_type=\"container\">\n\t\t\t\t<div class=\"elementor-element elementor-element-9daccfd elementor-widget elementor-widget-html\" data-id=\"9daccfd\" data-element_type=\"widget\" data-widget_type=\"html.default\">\n\t\t\t\t<div class=\"elementor-widget-container\">\n\t\t\t\t\t<style>\r\n.procedure-section {\r\n \r\n  max-width: 980px;\r\n  font-family: Arial, sans-serif;\r\n}\r\n\r\n.procedure-grid {\r\n  display: grid;\r\n  grid-template-columns: repeat(4, 1fr);\r\n  gap: 18px;\r\n  align-items: start;\r\n}\r\n\r\n.procedure-item {\r\n  position: relative;\r\n  text-align: center;\r\n  padding: 10px 24px 10px 8px;\r\n}\r\n\r\n.procedure-item:not(:last-child)::after {\r\n  content: \"\u279c\";\r\n  position: absolute;\r\n  top: 32px;\r\n  right: -14px;\r\n  font-size: 28px;\r\n  color: #2d2a72;\r\n  font-weight: 700;\r\n}\r\n\r\n.procedure-icon {\r\n  display: flex;\r\n  align-items: center;\r\n  justify-content: center;\r\n  width: 64px;\r\n  height: 64px;\r\n  margin: 0 auto 14px;\r\n  font-size: 42px;\r\n  line-height: 1;\r\n  color: #2d2a72;\r\n}\r\n\r\n.procedure-name {\r\n  font-size: 18px;\r\n  font-weight: 700;\r\n  color: #2d2a72;\r\n  margin-bottom: 8px;\r\n  line-height: 1.25;\r\n}\r\n\r\n.procedure-name.long-title {\r\n  font-size: 18px;\r\n  white-space: nowrap;\r\n}\r\n\r\n.procedure-text {\r\n  font-size: 15px;\r\n  line-height: 1.45;\r\n  color: #333;\r\n  margin: 0;\r\n}\r\n\r\n@media (max-width: 767px) {\r\n  .procedure-grid {\r\n    grid-template-columns: 1fr 1fr;\r\n  }\r\n\r\n  .procedure-item:not(:last-child)::after {\r\n    display: none;\r\n  }\r\n\r\n  .procedure-name.long-title {\r\n    white-space: normal;\r\n  }\r\n}\r\n\r\n@media (max-width: 520px) {\r\n  .procedure-grid {\r\n    grid-template-columns: 1fr;\r\n  }\r\n\r\n  .procedure-section {\r\n    padding: 18px 16px;\r\n  }\r\n}\r\n<\/style>\r\n\r\n<div class=\"procedure-section\">\r\n  <div class=\"procedure-grid\">\r\n    <div class=\"procedure-item\">\r\n      <div class=\"procedure-icon\">\ud83d\udcdd<\/div>\r\n      <div class=\"procedure-name\">B\u1eaft \u0111\u1ea7u b\u00e0i \u0111\u00e1nh gi\u00e1<\/div>\r\n      <p class=\"procedure-text\">B\u1eaft \u0111\u1ea7u s\u00e0ng l\u1ecdc t\u00e2m l\u00fd<\/p>\r\n    <\/div>\r\n\r\n    <div class=\"procedure-item\">\r\n      <div class=\"procedure-icon\">\u23f1<\/div>\r\n      <div class=\"procedure-name\">Ho\u00e0n th\u00e0nh b\u1ed9 c\u00e2u h\u1ecfi<\/div>\r\n      <p class=\"procedure-text\">Tr\u1ea3 l\u1eddi t\u1ea5t c\u1ea3 c\u00e1c c\u00e2u h\u1ecfi <br>(10\u201315 ph\u00fat).<\/p>\r\n    <\/div>\r\n\r\n    <div class=\"procedure-item\">\r\n      <div class=\"procedure-icon\">\ud83d\udcca<\/div>\r\n      <div class=\"procedure-name\">Nh\u1eadn k\u1ebft qu\u1ea3<\/div>\r\n      <p class=\"procedure-text\">Nh\u1eadn k\u1ebft qu\u1ea3 \u0111\u00e1nh gi\u00e1<\/p>\r\n    <\/div>\r\n\r\n    <div class=\"procedure-item\">\r\n      <div class=\"procedure-icon\">\ud83d\udcac<\/div>\r\n      <div class=\"procedure-name long-title\">Tham v\u1ea5n chuy\u00ean m\u00f4n<\/div>\r\n      <p class=\"procedure-text\">Th\u1ea3o lu\u1eadn k\u1ebft qu\u1ea3 \u0111\u00e1nh gi\u00e1 v\u1edbi chuy\u00ean gia (t\u00f9y ch\u1ecdn).<\/p>\r\n    <\/div>\r\n  <\/div>\r\n<\/div>\t\t\t\t<\/div>\n\t\t\t\t<\/div>\n\t\t\t\t<\/div>\n\t\t\t\t<\/div>\n\t\t\t\t\t<\/div>\n\t\t\t\t<\/div>\n\t\t<div class=\"elementor-element elementor-element-40b3962 e-flex e-con-boxed e-con e-parent\" data-id=\"40b3962\" data-element_type=\"container\">\n\t\t\t\t\t<div class=\"e-con-inner\">\n\t\t\t\t<div class=\"elementor-element elementor-element-200d31f elementor-widget elementor-widget-html\" data-id=\"200d31f\" data-element_type=\"widget\" data-widget_type=\"html.default\">\n\t\t\t\t<div class=\"elementor-widget-container\">\n\t\t\t\t\t<div class=\"warning-container\">\r\n  <div class=\"warning-box\">\r\n    <h2>Nh\u1eefng \u0111i\u1ec1u b\u1ea1n c\u1ea7n bi\u1ebft<\/h2>\r\n    <p><strong>C\u00e1c k\u1ebft qu\u1ea3 ch\u1ec9 c\u00f3 gi\u00e1 tr\u1ecb tham kh\u1ea3o v\u00e0 \u0111\u1ecbnh h\u01b0\u1edbng ban \u0111\u1ea7u, kh\u00f4ng \u0111\u01b0\u1ee3c xem l\u00e0 ch\u1ea9n \u0111o\u00e1n l\u00e2m s\u00e0ng ch\u00ednh th\u1ee9c.<\/strong><\/p>\r\n    <p>\u0110\u1ec3 \u0111\u01b0a ra ch\u1ea9n \u0111o\u00e1n \u0111\u1ea7y \u0111\u1ee7 ho\u1eb7c khuy\u1ebfn ngh\u1ecb \u0111i\u1ec1u tr\u1ecb ph\u00f9 h\u1ee3p, c\u1ea7n c\u00f3 \u0111\u00e1nh gi\u00e1 t\u00e2m l\u00fd ho\u1eb7c t\u00e2m th\u1ea7n chuy\u00ean s\u00e2u v\u00e0 to\u00e0n di\u1ec7n.<\/p>\r\n  <\/div>\r\n<\/div>\r\n\r\n<style>\r\n  .warning-container {\r\n      \r\n    max-width: 1400px;\r\n    margin: 2rem auto;\r\n    font-family: 'Segoe UI', system-ui, sans-serif;\r\n  }\r\n  .warning-box {\r\n    background: linear-gradient(to right, #fefce8, #fef9c3);\r\n    border: 2px solid #ca8a04;\r\n    border-radius: 12px;\r\n    padding: 1.8rem 2rem;\r\n    box-shadow:\r\n      0 6px 20px rgba(202, 138, 4, 0.12),\r\n      inset 0 2px 8px rgba(255, 255, 255, 0.6);\r\n    color: #713f12;\r\n    align-items: center;\r\n    display: flex;\r\n    flex-direction: column;\r\n  }\r\n  .warning-box h2 {\r\n    margin: 0 0 1.2rem 0;\r\n    color: #854d0e;\r\n    font-size: 1.45rem;\r\n    font-weight: 800;\r\n    letter-spacing: -0.3px;\r\n    text-transform: uppercase;\r\n    position: relative;\r\n    padding-left: 2.2rem;\r\n  }\r\n  .warning-box h2::before {\r\n    content: \"\u26a0\ufe0f\";\r\n    position: absolute;\r\n    left: 0;\r\n    top: 50%;\r\n    transform: translateY(-50%);\r\n    font-size: 1.6rem;\r\n  }\r\n  .warning-box p {\r\n    margin: 1rem 0;\r\n    line-height: 1.65;\r\n    font-size: 1.08rem;\r\n  }\r\n  .warning-box strong {\r\n    color: #92400e;\r\n    font-weight: 700;\r\n  }\r\n  @media (max-width: 520px) {\r\n    .warning-box {\r\n      padding: 1.4rem 1.5rem;\r\n      border-width: 2px;\r\n    }\r\n    .warning-box h2 {\r\n      font-size: 1.3rem;\r\n      padding-left: 2rem;\r\n    }\r\n    .warning-box h2::before {\r\n      font-size: 1.5rem;\r\n    }\r\n  }\r\n<\/style>\t\t\t\t<\/div>\n\t\t\t\t<\/div>\n\t\t\t\t\t<\/div>\n\t\t\t\t<\/div>\n\t\t\t\t<\/div>","protected":false},"excerpt":{"rendered":"<p>Mental Health Screener Curious about your mental wellbeing or that of your child Our professional mental health screener provides a structured and confidential assessment of emotional and behavioral functioningIt is designed to help individuals gain greater insight into their mental health \ud83d\udd52 10 Min \ud83d\udee1\ufe0f 100% Confidential \u26a1 Direct Result \u2705 Official Test Start the [&hellip;]<\/p>","protected":false},"author":10,"featured_media":0,"parent":0,"menu_order":0,"comment_status":"closed","ping_status":"closed","template":"","meta":{"_siteseo_robots_primary_cat":"","footnotes":""},"class_list":["post-18299","page","type-page","status-publish","hentry"],"_links":{"self":[{"href":"https:\/\/psychologistvietnam.com\/vi\/wp-json\/wp\/v2\/pages\/18299","targetHints":{"allow":["GET"]}}],"collection":[{"href":"https:\/\/psychologistvietnam.com\/vi\/wp-json\/wp\/v2\/pages"}],"about":[{"href":"https:\/\/psychologistvietnam.com\/vi\/wp-json\/wp\/v2\/types\/page"}],"author":[{"embeddable":true,"href":"https:\/\/psychologistvietnam.com\/vi\/wp-json\/wp\/v2\/users\/10"}],"replies":[{"embeddable":true,"href":"https:\/\/psychologistvietnam.com\/vi\/wp-json\/wp\/v2\/comments?post=18299"}],"version-history":[{"count":506,"href":"https:\/\/psychologistvietnam.com\/vi\/wp-json\/wp\/v2\/pages\/18299\/revisions"}],"predecessor-version":[{"id":23456,"href":"https:\/\/psychologistvietnam.com\/vi\/wp-json\/wp\/v2\/pages\/18299\/revisions\/23456"}],"wp:attachment":[{"href":"https:\/\/psychologistvietnam.com\/vi\/wp-json\/wp\/v2\/media?parent=18299"}],"curies":[{"name":"wp","href":"https:\/\/api.w.org\/{rel}","templated":true}]}}