{"id":11857,"date":"2023-10-31T22:20:09","date_gmt":"2023-10-31T15:20:09","guid":{"rendered":"https:\/\/psy.htkiengiang.com\/?page_id=4359"},"modified":"2026-03-24T09:05:57","modified_gmt":"2026-03-24T02:05:57","slug":"cooperate-with-us","status":"publish","type":"page","link":"https:\/\/psychologistvietnam.com\/vi\/cooperate-with-us\/","title":{"rendered":"H\u1ee3p T\u00e1c V\u1edbi Ch\u00fang T\u00f4i"},"content":{"rendered":"<div data-elementor-type=\"wp-page\" data-elementor-id=\"11857\" class=\"elementor elementor-11857\" data-elementor-post-type=\"page\">\n\t\t\t\t<div class=\"elementor-element elementor-element-18fe4ed e-flex e-con-boxed e-con e-parent\" data-id=\"18fe4ed\" data-element_type=\"container\">\n\t\t\t\t\t<div class=\"e-con-inner\">\n\t\t<div class=\"elementor-element elementor-element-60e7706 e-con-full e-flex e-con e-child\" data-id=\"60e7706\" data-element_type=\"container\" data-settings=\"{&quot;background_background&quot;:&quot;gradient&quot;}\">\n\t\t\t\t<div class=\"elementor-element elementor-element-110e1e5 elementor-widget elementor-widget-text-editor\" data-id=\"110e1e5\" data-element_type=\"widget\" data-widget_type=\"text-editor.default\">\n\t\t\t\t<div class=\"elementor-widget-container\">\n\t\t\t\t\t\t\t\t\t<p><span style=\"font-weight: 400;\">B\u1ea1n \u0111ang t\u00ecm ki\u1ebfm c\u01a1 h\u1ed9i h\u1ee3p t\u00e1c trong c\u00e1c d\u1ef1 \u00e1n v\u1ec1 s\u1ee9c kh\u1ecfe t\u00e2m th\u1ea7n, nghi\u00ean c\u1ee9u hay c\u00e1c ho\u1ea1t \u0111\u1ed9ng c\u1ed9ng \u0111\u1ed3ng?<\/span><span style=\"font-weight: 400;\"><br \/><\/span><span style=\"font-weight: 400;\"><br \/><\/span><span style=\"font-weight: 400;\"><strong> T\u1ea1i Psychologist Viet Nam,<\/strong>ch\u00fang t\u00f4i tin r\u1eb1ng c\u00e1c t\u1ed5 ch\u1ee9c s\u1ee9c kh\u1ecfe t\u00e2m th\u1ea7n kh\u00f4ng ph\u1ea3i l\u00e0 \u0111\u1ed1i th\u1ee7, m\u00e0 l\u00e0 \u0111\u1ed3ng nghi\u1ec7p c\u00f9ng chung m\u1ed9t s\u1ee9 m\u1ec7nh. Ch\u00fang t\u00f4i lu\u00f4n s\u1eb5n s\u00e0ng h\u1ee3p t\u00e1c v\u1edbi c\u00e1c chuy\u00ean gia v\u00e0 doanh nghi\u1ec7p c\u1ea3 trong v\u00e0 ngo\u00e0i Vi\u1ec7t Nam \u0111\u1ec3 c\u00f9ng t\u1ea1o ra nh\u1eefng thay \u0111\u1ed5i t\u00edch c\u1ef1c.<\/span><span style=\"font-weight: 400;\"><br \/><\/span><span style=\"font-weight: 400;\"><br \/><\/span><span style=\"font-weight: 400;\"> H\u00e3y g\u1eedi tin nh\u1eafn cho ch\u00fang t\u00f4i \u0111\u1ec3 chia s\u1ebb \u00fd t\u01b0\u1edfng. R\u1ea5t mong \u0111\u01b0\u1ee3c h\u1ee3p t\u00e1c c\u00f9ng b\u1ea1n \u0111\u1ec3 \u0111\u1ea1t \u0111\u01b0\u1ee3c nh\u1eefng m\u1ee5c ti\u00eau l\u1edbn lao h\u01a1n!<\/span><\/p><div style=\"text-align: left;\"><strong>Team Psychologist Vietnam<\/strong><\/div><p style=\"text-align: left;\"><strong><a style=\"color: #29a2bd;\" href=\"mailto:info@psychologistvietnam.com\">\u2709\ufe0f info@psychologistvietnam.com<\/a><\/strong><\/p>\t\t\t\t\t\t\t\t<\/div>\n\t\t\t\t<\/div>\n\t\t\t\t<\/div>\n\t\t<div class=\"elementor-element elementor-element-73c07cb e-con-full e-flex e-con e-child\" data-id=\"73c07cb\" data-element_type=\"container\">\n\t\t\t\t<div class=\"elementor-element elementor-element-d546412 elementor-widget__width-inherit elementor-widget elementor-widget-image\" data-id=\"d546412\" data-element_type=\"widget\" data-widget_type=\"image.default\">\n\t\t\t\t<div class=\"elementor-widget-container\">\n\t\t\t\t\t\t\t\t\t\t\t\t\t\t\t\t<a href=\"https:\/\/psychologistvietnam.com\/wp-content\/uploads\/2025\/05\/group-people-working-out-business-plan-office-scaled.jpg\" data-elementor-open-lightbox=\"yes\" data-elementor-lightbox-title=\"Group of people working out business plan in an office\" data-e-action-hash=\"#elementor-action%3Aaction%3Dlightbox%26settings%3DeyJpZCI6MTg4ODYsInVybCI6Imh0dHBzOlwvXC9wc3ljaG9sb2dpc3R2aWV0bmFtLmNvbVwvd3AtY29udGVudFwvdXBsb2Fkc1wvMjAyNVwvMDVcL2dyb3VwLXBlb3BsZS13b3JraW5nLW91dC1idXNpbmVzcy1wbGFuLW9mZmljZS1zY2FsZWQuanBnIn0%3D\">\n\t\t\t\t\t\t\t<img fetchpriority=\"high\" decoding=\"async\" width=\"2560\" height=\"1707\" src=\"https:\/\/psychologistvietnam.com\/wp-content\/uploads\/2025\/05\/group-people-working-out-business-plan-office-scaled.jpg\" class=\"attachment-full size-full wp-image-18886\" alt=\"\" srcset=\"https:\/\/psychologistvietnam.com\/wp-content\/uploads\/2025\/05\/group-people-working-out-business-plan-office-scaled.jpg 2560w, https:\/\/psychologistvietnam.com\/wp-content\/uploads\/2025\/05\/group-people-working-out-business-plan-office-300x200.jpg 300w, https:\/\/psychologistvietnam.com\/wp-content\/uploads\/2025\/05\/group-people-working-out-business-plan-office-1024x683.jpg 1024w, https:\/\/psychologistvietnam.com\/wp-content\/uploads\/2025\/05\/group-people-working-out-business-plan-office-768x512.jpg 768w, https:\/\/psychologistvietnam.com\/wp-content\/uploads\/2025\/05\/group-people-working-out-business-plan-office-1536x1024.jpg 1536w, https:\/\/psychologistvietnam.com\/wp-content\/uploads\/2025\/05\/group-people-working-out-business-plan-office-2048x1365.jpg 2048w, https:\/\/psychologistvietnam.com\/wp-content\/uploads\/2025\/05\/group-people-working-out-business-plan-office-18x12.jpg 18w, https:\/\/psychologistvietnam.com\/wp-content\/uploads\/2025\/05\/group-people-working-out-business-plan-office-600x400.jpg 600w\" sizes=\"(max-width: 2560px) 100vw, 2560px\" \/>\t\t\t\t\t\t\t\t<\/a>\n\t\t\t\t\t\t\t\t\t\t\t\t\t\t\t<\/div>\n\t\t\t\t<\/div>\n\t\t\t\t<\/div>\n\t\t\t\t\t<\/div>\n\t\t\t\t<\/div>\n\t\t\t\t<\/div>","protected":false},"excerpt":{"rendered":"<p>Are you looking for opportunities to collaborate on mental health projects, research, or community outreach? At Psychologist Vietnam, we believe that mental health organizations are not competitors, they are colleagues who share a common mission. We are always ready to partner with professionals and businesses both in and outside of Vietnam to create positive change [&hellip;]<\/p>","protected":false},"author":10,"featured_media":0,"parent":0,"menu_order":0,"comment_status":"closed","ping_status":"closed","template":"","meta":{"_siteseo_robots_primary_cat":"","footnotes":""},"class_list":["post-11857","page","type-page","status-publish","hentry"],"_links":{"self":[{"href":"https:\/\/psychologistvietnam.com\/vi\/wp-json\/wp\/v2\/pages\/11857","targetHints":{"allow":["GET"]}}],"collection":[{"href":"https:\/\/psychologistvietnam.com\/vi\/wp-json\/wp\/v2\/pages"}],"about":[{"href":"https:\/\/psychologistvietnam.com\/vi\/wp-json\/wp\/v2\/types\/page"}],"author":[{"embeddable":true,"href":"https:\/\/psychologistvietnam.com\/vi\/wp-json\/wp\/v2\/users\/10"}],"replies":[{"embeddable":true,"href":"https:\/\/psychologistvietnam.com\/vi\/wp-json\/wp\/v2\/comments?post=11857"}],"version-history":[{"count":33,"href":"https:\/\/psychologistvietnam.com\/vi\/wp-json\/wp\/v2\/pages\/11857\/revisions"}],"predecessor-version":[{"id":24882,"href":"https:\/\/psychologistvietnam.com\/vi\/wp-json\/wp\/v2\/pages\/11857\/revisions\/24882"}],"wp:attachment":[{"href":"https:\/\/psychologistvietnam.com\/vi\/wp-json\/wp\/v2\/media?parent=11857"}],"curies":[{"name":"wp","href":"https:\/\/api.w.org\/{rel}","templated":true}]}}